{"id":8,"date":"2018-11-06T17:11:46","date_gmt":"2018-11-06T16:11:46","guid":{"rendered":"http:\/\/lelab31.fr\/?page_id=8"},"modified":"2021-09-27T16:13:12","modified_gmt":"2021-09-27T14:13:12","slug":"a-propos-de","status":"publish","type":"page","link":"https:\/\/lelab31.fr\/","title":{"rendered":"\u00c0 propos de"},"content":{"rendered":"\n<div class=\"wp-block-group\"><div class=\"wp-block-group__inner-container is-layout-flow wp-block-group-is-layout-flow\">\n<div class=\"entry-content\">\n<h4>Comp\u00e9tences:<\/h4>\n<ul>\n<li style=\"list-style-type: none;\">\n<ul>\n<li>Conception \u00e9lectronique analogique, num\u00e9rique et RF<\/li>\n<li>Int\u00e9gration m\u00e9canique<\/li>\n<li>D\u00e9veloppement logiciel et traitement du signal<\/li>\n<li>Agilit\u00e9 hardware<\/li>\n<li>Prototypage rapide<\/li>\n<\/ul>\n<\/li>\n<\/ul>\n<h4>M\u00e9thode:<\/h4>\n<p><em>Selon nous, pour r\u00e9ussir \u00e0 r\u00e9aliser un bon produit, il faut :<\/em><\/p>\n<ul>\n<li style=\"list-style-type: none;\">\n<ul>\n<li><em>au d\u00e9part <\/em><em>un bon choix technologique , raccord avec le prix de vente escompt\u00e9;<\/em><\/li>\n<li><em>une maquette pour d\u00e9finir les limites du syst\u00e8me;<\/em><\/li>\n<li><em>une coh\u00e9sion des diff\u00e9rents m\u00e9tiers pour d\u00e9velopper au plus juste;<\/em><\/li>\n<li><em>une ma\u00eetrise des environnements techniques pour que le produit fonctionne bien tout le temps.<\/em><\/li>\n<li><em>Si vous ajoutez \u00e0 cela une point d\u2019innovation alors vous obtenez un excellent produit !<\/em><\/li>\n<\/ul>\n<\/li>\n<\/ul>\n<h3 style=\"padding-left: 40px;\"><em><strong>Nous travaillons de cette fa\u00e7on au LAB 31.<\/strong><\/em><\/h3>\n<\/div>\n<\/div><\/div>\n","protected":false},"excerpt":{"rendered":"<p>Comp\u00e9tences: Conception \u00e9lectronique analogique, num\u00e9rique et RF Int\u00e9gration m\u00e9canique D\u00e9veloppement logiciel et traitement du signal Agilit\u00e9 hardware Prototypage rapide M\u00e9thode: Selon nous, pour r\u00e9ussir \u00e0 r\u00e9aliser un bon produit, il faut : au d\u00e9part un bon choix technologique , raccord avec le prix de vente escompt\u00e9; une maquette pour d\u00e9finir les limites du syst\u00e8me; une &hellip; <\/p>\n<p class=\"link-more\"><a href=\"https:\/\/lelab31.fr\/\" class=\"more-link\">Continue reading<span class=\"screen-reader-text\"> &#8220;\u00c0 propos de&#8221;<\/span><\/a><\/p>\n","protected":false},"author":1,"featured_media":0,"parent":0,"menu_order":0,"comment_status":"closed","ping_status":"closed","template":"","meta":{"footnotes":""},"_links":{"self":[{"href":"https:\/\/lelab31.fr\/index.php\/wp-json\/wp\/v2\/pages\/8"}],"collection":[{"href":"https:\/\/lelab31.fr\/index.php\/wp-json\/wp\/v2\/pages"}],"about":[{"href":"https:\/\/lelab31.fr\/index.php\/wp-json\/wp\/v2\/types\/page"}],"author":[{"embeddable":true,"href":"https:\/\/lelab31.fr\/index.php\/wp-json\/wp\/v2\/users\/1"}],"replies":[{"embeddable":true,"href":"https:\/\/lelab31.fr\/index.php\/wp-json\/wp\/v2\/comments?post=8"}],"version-history":[{"count":4,"href":"https:\/\/lelab31.fr\/index.php\/wp-json\/wp\/v2\/pages\/8\/revisions"}],"predecessor-version":[{"id":111,"href":"https:\/\/lelab31.fr\/index.php\/wp-json\/wp\/v2\/pages\/8\/revisions\/111"}],"wp:attachment":[{"href":"https:\/\/lelab31.fr\/index.php\/wp-json\/wp\/v2\/media?parent=8"}],"curies":[{"name":"wp","href":"https:\/\/api.w.org\/{rel}","templated":true}]}}